{"id":2168,"date":"2025-11-14T14:54:08","date_gmt":"2025-11-14T13:54:08","guid":{"rendered":"https:\/\/herbolariodecorea.es\/index.php\/producto\/zinc-bisglicinato-50-comps-vitobest\/"},"modified":"2025-12-03T15:01:54","modified_gmt":"2025-12-03T14:01:54","slug":"zinc-bisglicinato-50-comps-vitobest","status":"publish","type":"product","link":"https:\/\/herbolariodecorea.es\/index.php\/producto\/zinc-bisglicinato-50-comps-vitobest\/","title":{"rendered":"ZINC BISGLICINATO 50 COMPS. VITOBEST"},"content":{"rendered":"<p>Elaborado a partir de zinc org\u00e1nico aminoquelado de Albion\u00ae, la marca sin\u00f3nimo de eficiencia con los porcentajes de absorci\u00f3n m\u00e1s alto del mercado, nuestro producto cuenta con el aval de estudios cient\u00edficos. El zinc contribuye a la funci\u00f3n cognitiva normal.<\/p>\n<p>El zinc contribuye a la fertilidad y reproducci\u00f3n normales.<\/p>\n<p>El zinc contribuye al metabolismo normal de los macronutrientes.<\/p>\n<p>El zinc contribuye al metabolismo normal de los \u00e1cidos grasos.<\/p>\n<p>El zinc contribuye a la s\u00edntesis prote\u00ednica normal.<\/p>\n<p>El zinc contribuye al mantenimiento de los huesos en condiciones normales.<\/p>\n<p>El zinc contribuye al funcionamiento normal del sistema inmunitario.<\/p>\n<p>El zinc contribuye a la protecci\u00f3n de las c\u00e9lulas frente al da\u00f1o oxidativo.<\/p>\n","protected":false},"excerpt":{"rendered":"<p>Elaborado a partir de zinc org\u00e1nico aminoquelado de Albion\u00ae, la marca sin\u00f3nimo de eficiencia con los porcentajes de absorci\u00f3n m\u00e1s alto del mercado, nuestro producto cuenta con el aval de estudios cient\u00edficos. El zinc contribuye a la funci\u00f3n cognitiva normal.<\/p>\n","protected":false},"featured_media":2277,"comment_status":"open","ping_status":"closed","template":"","meta":{"_et_pb_use_builder":"","_et_pb_old_content":"","_et_gb_content_width":""},"product_brand":[],"product_cat":[17,18],"product_tag":[],"class_list":{"0":"post-2168","1":"product","2":"type-product","3":"status-publish","4":"has-post-thumbnail","6":"product_cat-sin-categorizar","7":"product_cat-vitaminas","9":"first","10":"instock","11":"shipping-taxable","12":"purchasable","13":"product-type-simple"},"aioseo_notices":[],"_links":{"self":[{"href":"https:\/\/herbolariodecorea.es\/index.php\/wp-json\/wp\/v2\/product\/2168","targetHints":{"allow":["GET"]}}],"collection":[{"href":"https:\/\/herbolariodecorea.es\/index.php\/wp-json\/wp\/v2\/product"}],"about":[{"href":"https:\/\/herbolariodecorea.es\/index.php\/wp-json\/wp\/v2\/types\/product"}],"replies":[{"embeddable":true,"href":"https:\/\/herbolariodecorea.es\/index.php\/wp-json\/wp\/v2\/comments?post=2168"}],"wp:featuredmedia":[{"embeddable":true,"href":"https:\/\/herbolariodecorea.es\/index.php\/wp-json\/wp\/v2\/media\/2277"}],"wp:attachment":[{"href":"https:\/\/herbolariodecorea.es\/index.php\/wp-json\/wp\/v2\/media?parent=2168"}],"wp:term":[{"taxonomy":"product_brand","embeddable":true,"href":"https:\/\/herbolariodecorea.es\/index.php\/wp-json\/wp\/v2\/product_brand?post=2168"},{"taxonomy":"product_cat","embeddable":true,"href":"https:\/\/herbolariodecorea.es\/index.php\/wp-json\/wp\/v2\/product_cat?post=2168"},{"taxonomy":"product_tag","embeddable":true,"href":"https:\/\/herbolariodecorea.es\/index.php\/wp-json\/wp\/v2\/product_tag?post=2168"}],"curies":[{"name":"wp","href":"https:\/\/api.w.org\/{rel}","templated":true}]}}