{"id":2169,"date":"2025-11-14T14:54:08","date_gmt":"2025-11-14T13:54:08","guid":{"rendered":"https:\/\/herbolariodecorea.es\/index.php\/producto\/zinc-citrate-50mg-60-caps-solaray\/"},"modified":"2025-11-27T14:54:06","modified_gmt":"2025-11-27T13:54:06","slug":"zinc-citrate-50mg-60-caps-solaray","status":"publish","type":"product","link":"https:\/\/herbolariodecorea.es\/index.php\/producto\/zinc-citrate-50mg-60-caps-solaray\/","title":{"rendered":"ZINC CITRATE 50MG 60 C\u00c1PS. SOLARAY"},"content":{"rendered":"<p>Citrato de zinc de Solaray es un complemento nutricional de zinc.\u00a0Enriquecido con semillas de calabaza.\u00a0Contiene citrato de Zinc que favorece su absorci\u00f3n. El zinc interviene en el metabolismo energ\u00e9tico y en la s\u00edntesis de prote\u00ednas y del col\u00e1geno. Contribuye a la eliminaci\u00f3n de radicales libres del organismo. Es necesario para el mantenimiento del sistema inmune, para el equilibrio del organismo, para la salud ocular, para el normal mantenimiento de huesos y dientes y favorece la regeneraci\u00f3n de los tejidos, interviniendo en el mantenimiento de la piel.<\/p>\n","protected":false},"excerpt":{"rendered":"<p>Citrato de zinc de Solaray es un complemento nutricional de zinc.\u00a0Enriquecido con semillas de calabaza.\u00a0Contiene citrato de Zinc que favorece su absorci\u00f3n. El zinc interviene en el metabolismo energ\u00e9tico y en la s\u00edntesis de prote\u00ednas y del col\u00e1geno. Contribuye a la eliminaci\u00f3n de radicales libres del organismo. Es necesario para el mantenimiento del sistema inmune, para el equilibrio del organismo, para la salud ocular, para el normal mantenimiento de huesos y dientes y favorece la regeneraci\u00f3n de los tejidos, interviniendo en el mantenimiento de la piel.<\/p>\n","protected":false},"featured_media":2278,"comment_status":"open","ping_status":"closed","template":"","meta":{"_et_pb_use_builder":"","_et_pb_old_content":"","_et_gb_content_width":""},"product_brand":[],"product_cat":[17],"product_tag":[],"class_list":{"0":"post-2169","1":"product","2":"type-product","3":"status-publish","4":"has-post-thumbnail","6":"product_cat-sin-categorizar","8":"first","9":"instock","10":"shipping-taxable","11":"purchasable","12":"product-type-simple"},"aioseo_notices":[],"_links":{"self":[{"href":"https:\/\/herbolariodecorea.es\/index.php\/wp-json\/wp\/v2\/product\/2169","targetHints":{"allow":["GET"]}}],"collection":[{"href":"https:\/\/herbolariodecorea.es\/index.php\/wp-json\/wp\/v2\/product"}],"about":[{"href":"https:\/\/herbolariodecorea.es\/index.php\/wp-json\/wp\/v2\/types\/product"}],"replies":[{"embeddable":true,"href":"https:\/\/herbolariodecorea.es\/index.php\/wp-json\/wp\/v2\/comments?post=2169"}],"wp:featuredmedia":[{"embeddable":true,"href":"https:\/\/herbolariodecorea.es\/index.php\/wp-json\/wp\/v2\/media\/2278"}],"wp:attachment":[{"href":"https:\/\/herbolariodecorea.es\/index.php\/wp-json\/wp\/v2\/media?parent=2169"}],"wp:term":[{"taxonomy":"product_brand","embeddable":true,"href":"https:\/\/herbolariodecorea.es\/index.php\/wp-json\/wp\/v2\/product_brand?post=2169"},{"taxonomy":"product_cat","embeddable":true,"href":"https:\/\/herbolariodecorea.es\/index.php\/wp-json\/wp\/v2\/product_cat?post=2169"},{"taxonomy":"product_tag","embeddable":true,"href":"https:\/\/herbolariodecorea.es\/index.php\/wp-json\/wp\/v2\/product_tag?post=2169"}],"curies":[{"name":"wp","href":"https:\/\/api.w.org\/{rel}","templated":true}]}}