{"id":2471,"date":"2026-03-03T12:58:43","date_gmt":"2026-03-03T11:58:43","guid":{"rendered":"https:\/\/herbolariodecorea.es\/?post_type=product&#038;p=2471"},"modified":"2026-03-03T12:58:43","modified_gmt":"2026-03-03T11:58:43","slug":"propolaid-propolgola-junior-spray-esi","status":"publish","type":"product","link":"https:\/\/herbolariodecorea.es\/index.php\/producto\/propolaid-propolgola-junior-spray-esi\/","title":{"rendered":"PROPOLAID PROPOLGOLA JUNIOR SPRAY ESI"},"content":{"rendered":"<p>Spray para la garganta a base de prop\u00f3leo para los m\u00e1s peque\u00f1os. Este spray bucal ayuda a aliviar la irritaci\u00f3n de garganta, calmando la tos y refrescando la boca de manera efectiva. Sabor fresa. Tama\u00f1o: 20 ml.<\/p>\n","protected":false},"excerpt":{"rendered":"<p>Spray para la garganta a base de prop\u00f3leo para los m\u00e1s peque\u00f1os. Este spray bucal ayuda a aliviar la irritaci\u00f3n de garganta, calmando la tos y refrescando la boca de manera efectiva. Sabor fresa. Tama\u00f1o: 20 ml.<\/p>\n","protected":false},"featured_media":2472,"comment_status":"open","ping_status":"closed","template":"","meta":{"_et_pb_use_builder":"","_et_pb_old_content":"","_et_gb_content_width":""},"product_brand":[],"product_cat":[22,17],"product_tag":[],"class_list":{"0":"post-2471","1":"product","2":"type-product","3":"status-publish","4":"has-post-thumbnail","6":"product_cat-en-oferta","7":"product_cat-sin-categorizar","9":"first","10":"instock","11":"sale","12":"shipping-taxable","13":"purchasable","14":"product-type-simple"},"aioseo_notices":[],"_links":{"self":[{"href":"https:\/\/herbolariodecorea.es\/index.php\/wp-json\/wp\/v2\/product\/2471","targetHints":{"allow":["GET"]}}],"collection":[{"href":"https:\/\/herbolariodecorea.es\/index.php\/wp-json\/wp\/v2\/product"}],"about":[{"href":"https:\/\/herbolariodecorea.es\/index.php\/wp-json\/wp\/v2\/types\/product"}],"replies":[{"embeddable":true,"href":"https:\/\/herbolariodecorea.es\/index.php\/wp-json\/wp\/v2\/comments?post=2471"}],"wp:featuredmedia":[{"embeddable":true,"href":"https:\/\/herbolariodecorea.es\/index.php\/wp-json\/wp\/v2\/media\/2472"}],"wp:attachment":[{"href":"https:\/\/herbolariodecorea.es\/index.php\/wp-json\/wp\/v2\/media?parent=2471"}],"wp:term":[{"taxonomy":"product_brand","embeddable":true,"href":"https:\/\/herbolariodecorea.es\/index.php\/wp-json\/wp\/v2\/product_brand?post=2471"},{"taxonomy":"product_cat","embeddable":true,"href":"https:\/\/herbolariodecorea.es\/index.php\/wp-json\/wp\/v2\/product_cat?post=2471"},{"taxonomy":"product_tag","embeddable":true,"href":"https:\/\/herbolariodecorea.es\/index.php\/wp-json\/wp\/v2\/product_tag?post=2471"}],"curies":[{"name":"wp","href":"https:\/\/api.w.org\/{rel}","templated":true}]}}