{"id":2476,"date":"2026-03-03T13:14:15","date_gmt":"2026-03-03T12:14:15","guid":{"rendered":"https:\/\/herbolariodecorea.es\/?post_type=product&#038;p=2476"},"modified":"2026-03-03T13:14:16","modified_gmt":"2026-03-03T12:14:16","slug":"melatonin-pura-30-gummies-junior-esi","status":"publish","type":"product","link":"https:\/\/herbolariodecorea.es\/index.php\/producto\/melatonin-pura-30-gummies-junior-esi\/","title":{"rendered":"MELATONIN PURA 30 GUMMIES JUNIOR ESI"},"content":{"rendered":"<p>Estas deliciosas gominolas con sabor a fresa est\u00e1n dise\u00f1adas para ayudar a los ni\u00f1os a conciliar el sue\u00f1o de manera natural y efectiva, con vitamina B6, B12, biotina, \u00e1cido pantoteico.<\/p>\n","protected":false},"excerpt":{"rendered":"<p>Estas deliciosas gominolas con sabor a fresa est\u00e1n dise\u00f1adas para ayudar a los ni\u00f1os a conciliar el sue\u00f1o de manera natural y efectiva, con vitamina B6, B12, biotina, \u00e1cido pantoteico.<\/p>\n","protected":false},"featured_media":2477,"comment_status":"open","ping_status":"closed","template":"","meta":{"_et_pb_use_builder":"","_et_pb_old_content":"","_et_gb_content_width":""},"product_brand":[],"product_cat":[22,17],"product_tag":[],"class_list":{"0":"post-2476","1":"product","2":"type-product","3":"status-publish","4":"has-post-thumbnail","6":"product_cat-en-oferta","7":"product_cat-sin-categorizar","9":"first","10":"instock","11":"sale","12":"shipping-taxable","13":"purchasable","14":"product-type-simple"},"aioseo_notices":[],"_links":{"self":[{"href":"https:\/\/herbolariodecorea.es\/index.php\/wp-json\/wp\/v2\/product\/2476","targetHints":{"allow":["GET"]}}],"collection":[{"href":"https:\/\/herbolariodecorea.es\/index.php\/wp-json\/wp\/v2\/product"}],"about":[{"href":"https:\/\/herbolariodecorea.es\/index.php\/wp-json\/wp\/v2\/types\/product"}],"replies":[{"embeddable":true,"href":"https:\/\/herbolariodecorea.es\/index.php\/wp-json\/wp\/v2\/comments?post=2476"}],"wp:featuredmedia":[{"embeddable":true,"href":"https:\/\/herbolariodecorea.es\/index.php\/wp-json\/wp\/v2\/media\/2477"}],"wp:attachment":[{"href":"https:\/\/herbolariodecorea.es\/index.php\/wp-json\/wp\/v2\/media?parent=2476"}],"wp:term":[{"taxonomy":"product_brand","embeddable":true,"href":"https:\/\/herbolariodecorea.es\/index.php\/wp-json\/wp\/v2\/product_brand?post=2476"},{"taxonomy":"product_cat","embeddable":true,"href":"https:\/\/herbolariodecorea.es\/index.php\/wp-json\/wp\/v2\/product_cat?post=2476"},{"taxonomy":"product_tag","embeddable":true,"href":"https:\/\/herbolariodecorea.es\/index.php\/wp-json\/wp\/v2\/product_tag?post=2476"}],"curies":[{"name":"wp","href":"https:\/\/api.w.org\/{rel}","templated":true}]}}