{"id":2483,"date":"2026-03-03T14:10:42","date_gmt":"2026-03-03T13:10:42","guid":{"rendered":"https:\/\/herbolariodecorea.es\/?post_type=product&#038;p=2483"},"modified":"2026-03-03T14:10:42","modified_gmt":"2026-03-03T13:10:42","slug":"a-respirar-bien-jarabe-150-ml-soria-natural","status":"publish","type":"product","link":"https:\/\/herbolariodecorea.es\/index.php\/producto\/a-respirar-bien-jarabe-150-ml-soria-natural\/","title":{"rendered":"A RESPIRAR BIEN JARABE 150 ML SORIA NATURAL"},"content":{"rendered":"<p>A respirar combina plantas medicinales, vitaminas, minerales y concentrados de frutas para ayudar a cuidar la salud respiratoria de los m\u00e1s peque\u00f1os. Combina las beneficiosas propiedades del sa\u00faco, el tomillo, el eucalipto, la menta, el malvavisco, el prop\u00f3leo y la drosera que ayuda al mantenimiento de la salud del tracto respiratorio.<\/p>\n<p>100% natural<br \/>\nAgradable sabor<br \/>\nSin az\u00facar<br \/>\nSin alcohol<\/p>\n","protected":false},"excerpt":{"rendered":"<p>A respirar combina plantas medicinales, vitaminas, minerales y concentrados de frutas para ayudar a cuidar la salud respiratoria de los m\u00e1s peque\u00f1os. Combina las beneficiosas propiedades del sa\u00faco, el tomillo, el eucalipto, la menta, el malvavisco, el prop\u00f3leo y la drosera que ayuda al mantenimiento de la salud del tracto respiratorio. 100% natural Agradable sabor [&hellip;]<\/p>\n","protected":false},"featured_media":2484,"comment_status":"open","ping_status":"closed","template":"","meta":{"_et_pb_use_builder":"","_et_pb_old_content":"","_et_gb_content_width":""},"product_brand":[],"product_cat":[22,17],"product_tag":[],"class_list":{"0":"post-2483","1":"product","2":"type-product","3":"status-publish","4":"has-post-thumbnail","6":"product_cat-en-oferta","7":"product_cat-sin-categorizar","9":"first","10":"instock","11":"sale","12":"shipping-taxable","13":"purchasable","14":"product-type-simple"},"aioseo_notices":[],"_links":{"self":[{"href":"https:\/\/herbolariodecorea.es\/index.php\/wp-json\/wp\/v2\/product\/2483","targetHints":{"allow":["GET"]}}],"collection":[{"href":"https:\/\/herbolariodecorea.es\/index.php\/wp-json\/wp\/v2\/product"}],"about":[{"href":"https:\/\/herbolariodecorea.es\/index.php\/wp-json\/wp\/v2\/types\/product"}],"replies":[{"embeddable":true,"href":"https:\/\/herbolariodecorea.es\/index.php\/wp-json\/wp\/v2\/comments?post=2483"}],"wp:featuredmedia":[{"embeddable":true,"href":"https:\/\/herbolariodecorea.es\/index.php\/wp-json\/wp\/v2\/media\/2484"}],"wp:attachment":[{"href":"https:\/\/herbolariodecorea.es\/index.php\/wp-json\/wp\/v2\/media?parent=2483"}],"wp:term":[{"taxonomy":"product_brand","embeddable":true,"href":"https:\/\/herbolariodecorea.es\/index.php\/wp-json\/wp\/v2\/product_brand?post=2483"},{"taxonomy":"product_cat","embeddable":true,"href":"https:\/\/herbolariodecorea.es\/index.php\/wp-json\/wp\/v2\/product_cat?post=2483"},{"taxonomy":"product_tag","embeddable":true,"href":"https:\/\/herbolariodecorea.es\/index.php\/wp-json\/wp\/v2\/product_tag?post=2483"}],"curies":[{"name":"wp","href":"https:\/\/api.w.org\/{rel}","templated":true}]}}