{"id":2503,"date":"2026-03-09T14:11:24","date_gmt":"2026-03-09T13:11:24","guid":{"rendered":"https:\/\/herbolariodecorea.es\/?post_type=product&#038;p=2503"},"modified":"2026-03-09T14:11:24","modified_gmt":"2026-03-09T13:11:24","slug":"melatonina-bicapa-retard-30-comps-drasanvi","status":"publish","type":"product","link":"https:\/\/herbolariodecorea.es\/index.php\/producto\/melatonina-bicapa-retard-30-comps-drasanvi\/","title":{"rendered":"MELATONINA BICAPA RETARD 30 COMPS. DRASANVI"},"content":{"rendered":"<p>Melatonina Bicapa Retard de Drasanvi es un suplemento diet\u00e9tico que contiene melatonina, destinado a conciliar el sue\u00f1o y promover la relajaci\u00f3n de forma natural gracias a su doble efecto, basado en diferentes velocidades de acci\u00f3n. Por un lado, la capa azul contribuye a conciliar el sue\u00f1o de manera m\u00e1s r\u00e1pida debido a su contenido en melatonina y tript\u00f3fano. Y, por el otro, la capa marr\u00f3n hace que la acci\u00f3n de la valeriana y la pasiflora se vayan notando lentamente durante el proceso de descanso.<\/p>\n","protected":false},"excerpt":{"rendered":"<p>Melatonina Bicapa Retard de Drasanvi es un suplemento diet\u00e9tico que contiene melatonina, destinado a conciliar el sue\u00f1o y promover la relajaci\u00f3n de forma natural gracias a su doble efecto, basado en diferentes velocidades de acci\u00f3n. Por un lado, la capa azul contribuye a conciliar el sue\u00f1o de manera m\u00e1s r\u00e1pida debido a su contenido en [&hellip;]<\/p>\n","protected":false},"featured_media":2504,"comment_status":"open","ping_status":"closed","template":"","meta":{"_et_pb_use_builder":"","_et_pb_old_content":"","_et_gb_content_width":""},"product_brand":[],"product_cat":[17],"product_tag":[],"class_list":{"0":"post-2503","1":"product","2":"type-product","3":"status-publish","4":"has-post-thumbnail","6":"product_cat-sin-categorizar","8":"first","9":"instock","10":"shipping-taxable","11":"purchasable","12":"product-type-simple"},"aioseo_notices":[],"_links":{"self":[{"href":"https:\/\/herbolariodecorea.es\/index.php\/wp-json\/wp\/v2\/product\/2503","targetHints":{"allow":["GET"]}}],"collection":[{"href":"https:\/\/herbolariodecorea.es\/index.php\/wp-json\/wp\/v2\/product"}],"about":[{"href":"https:\/\/herbolariodecorea.es\/index.php\/wp-json\/wp\/v2\/types\/product"}],"replies":[{"embeddable":true,"href":"https:\/\/herbolariodecorea.es\/index.php\/wp-json\/wp\/v2\/comments?post=2503"}],"wp:featuredmedia":[{"embeddable":true,"href":"https:\/\/herbolariodecorea.es\/index.php\/wp-json\/wp\/v2\/media\/2504"}],"wp:attachment":[{"href":"https:\/\/herbolariodecorea.es\/index.php\/wp-json\/wp\/v2\/media?parent=2503"}],"wp:term":[{"taxonomy":"product_brand","embeddable":true,"href":"https:\/\/herbolariodecorea.es\/index.php\/wp-json\/wp\/v2\/product_brand?post=2503"},{"taxonomy":"product_cat","embeddable":true,"href":"https:\/\/herbolariodecorea.es\/index.php\/wp-json\/wp\/v2\/product_cat?post=2503"},{"taxonomy":"product_tag","embeddable":true,"href":"https:\/\/herbolariodecorea.es\/index.php\/wp-json\/wp\/v2\/product_tag?post=2503"}],"curies":[{"name":"wp","href":"https:\/\/api.w.org\/{rel}","templated":true}]}}