{"id":2508,"date":"2026-03-09T14:37:12","date_gmt":"2026-03-09T13:37:12","guid":{"rendered":"https:\/\/herbolariodecorea.es\/?post_type=product&#038;p=2508"},"modified":"2026-03-09T14:37:13","modified_gmt":"2026-03-09T13:37:13","slug":"citrato-de-magnesio-90-comp-drasanvi","status":"publish","type":"product","link":"https:\/\/herbolariodecorea.es\/index.php\/producto\/citrato-de-magnesio-90-comp-drasanvi\/","title":{"rendered":"CITRATO DE MAGNESIO 90 COMP DRASANVI"},"content":{"rendered":"<p>Citrato de magnesio de buena biodisponibilidad para apoyar la funci\u00f3n muscular normal. El Magnesio es un mineral esencial para el organismo, sin embargo, y debido al tipo de alimentaci\u00f3n, puede existir d\u00e9ficit del mismo sobre todo en deportistas. El Magnesio, entre otros, esta relacionado con el cansancio y la fatiga, el mantenimiento de huesos, la s\u00edntesis proteica normal y muy importante en la contracci\u00f3n muscular.<\/p>\n","protected":false},"excerpt":{"rendered":"<p>Citrato de magnesio de buena biodisponibilidad para apoyar la funci\u00f3n muscular normal. El Magnesio es un mineral esencial para el organismo, sin embargo, y debido al tipo de alimentaci\u00f3n, puede existir d\u00e9ficit del mismo sobre todo en deportistas. El Magnesio, entre otros, esta relacionado con el cansancio y la fatiga, el mantenimiento de huesos, la [&hellip;]<\/p>\n","protected":false},"featured_media":2509,"comment_status":"open","ping_status":"closed","template":"","meta":{"_et_pb_use_builder":"","_et_pb_old_content":"","_et_gb_content_width":""},"product_brand":[],"product_cat":[22,17],"product_tag":[],"class_list":{"0":"post-2508","1":"product","2":"type-product","3":"status-publish","4":"has-post-thumbnail","6":"product_cat-en-oferta","7":"product_cat-sin-categorizar","9":"first","10":"instock","11":"sale","12":"shipping-taxable","13":"purchasable","14":"product-type-simple"},"aioseo_notices":[],"_links":{"self":[{"href":"https:\/\/herbolariodecorea.es\/index.php\/wp-json\/wp\/v2\/product\/2508","targetHints":{"allow":["GET"]}}],"collection":[{"href":"https:\/\/herbolariodecorea.es\/index.php\/wp-json\/wp\/v2\/product"}],"about":[{"href":"https:\/\/herbolariodecorea.es\/index.php\/wp-json\/wp\/v2\/types\/product"}],"replies":[{"embeddable":true,"href":"https:\/\/herbolariodecorea.es\/index.php\/wp-json\/wp\/v2\/comments?post=2508"}],"wp:featuredmedia":[{"embeddable":true,"href":"https:\/\/herbolariodecorea.es\/index.php\/wp-json\/wp\/v2\/media\/2509"}],"wp:attachment":[{"href":"https:\/\/herbolariodecorea.es\/index.php\/wp-json\/wp\/v2\/media?parent=2508"}],"wp:term":[{"taxonomy":"product_brand","embeddable":true,"href":"https:\/\/herbolariodecorea.es\/index.php\/wp-json\/wp\/v2\/product_brand?post=2508"},{"taxonomy":"product_cat","embeddable":true,"href":"https:\/\/herbolariodecorea.es\/index.php\/wp-json\/wp\/v2\/product_cat?post=2508"},{"taxonomy":"product_tag","embeddable":true,"href":"https:\/\/herbolariodecorea.es\/index.php\/wp-json\/wp\/v2\/product_tag?post=2508"}],"curies":[{"name":"wp","href":"https:\/\/api.w.org\/{rel}","templated":true}]}}