{"id":2511,"date":"2026-03-09T14:42:25","date_gmt":"2026-03-09T13:42:25","guid":{"rendered":"https:\/\/herbolariodecorea.es\/?post_type=product&#038;p=2511"},"modified":"2026-03-09T14:42:25","modified_gmt":"2026-03-09T13:42:25","slug":"mincarsuplex-ovo-84-comp-soria-natural","status":"publish","type":"product","link":"https:\/\/herbolariodecorea.es\/index.php\/producto\/mincarsuplex-ovo-84-comp-soria-natural\/","title":{"rendered":"MINCARSUPLEX OVO 84 COMP SORIA NATURAL"},"content":{"rendered":"<p>Mincarsuplex Ovo de Soria Natural es un complemento alimenticio en comprimidos dise\u00f1ado para proteger y regenerar articulaciones, cart\u00edlagos, huesos y tendones. Su f\u00f3rmula combina ingredientes activos de alta absorci\u00f3n como membrana de huevo, glucosamina, condroitina, MSM y \u00e1cido hialur\u00f3nico, siendo ideal para reducir el dolor articular, mejorar la movilidad y el aspecto de la piel.<\/p>\n","protected":false},"excerpt":{"rendered":"<p>Mincarsuplex Ovo de Soria Natural es un complemento alimenticio en comprimidos dise\u00f1ado para proteger y regenerar articulaciones, cart\u00edlagos, huesos y tendones. Su f\u00f3rmula combina ingredientes activos de alta absorci\u00f3n como membrana de huevo, glucosamina, condroitina, MSM y \u00e1cido hialur\u00f3nico, siendo ideal para reducir el dolor articular, mejorar la movilidad y el aspecto de la piel.<\/p>\n","protected":false},"featured_media":2512,"comment_status":"open","ping_status":"closed","template":"","meta":{"_et_pb_use_builder":"","_et_pb_old_content":"","_et_gb_content_width":""},"product_brand":[],"product_cat":[17],"product_tag":[],"class_list":{"0":"post-2511","1":"product","2":"type-product","3":"status-publish","4":"has-post-thumbnail","6":"product_cat-sin-categorizar","8":"first","9":"instock","10":"shipping-taxable","11":"purchasable","12":"product-type-simple"},"aioseo_notices":[],"_links":{"self":[{"href":"https:\/\/herbolariodecorea.es\/index.php\/wp-json\/wp\/v2\/product\/2511","targetHints":{"allow":["GET"]}}],"collection":[{"href":"https:\/\/herbolariodecorea.es\/index.php\/wp-json\/wp\/v2\/product"}],"about":[{"href":"https:\/\/herbolariodecorea.es\/index.php\/wp-json\/wp\/v2\/types\/product"}],"replies":[{"embeddable":true,"href":"https:\/\/herbolariodecorea.es\/index.php\/wp-json\/wp\/v2\/comments?post=2511"}],"wp:featuredmedia":[{"embeddable":true,"href":"https:\/\/herbolariodecorea.es\/index.php\/wp-json\/wp\/v2\/media\/2512"}],"wp:attachment":[{"href":"https:\/\/herbolariodecorea.es\/index.php\/wp-json\/wp\/v2\/media?parent=2511"}],"wp:term":[{"taxonomy":"product_brand","embeddable":true,"href":"https:\/\/herbolariodecorea.es\/index.php\/wp-json\/wp\/v2\/product_brand?post=2511"},{"taxonomy":"product_cat","embeddable":true,"href":"https:\/\/herbolariodecorea.es\/index.php\/wp-json\/wp\/v2\/product_cat?post=2511"},{"taxonomy":"product_tag","embeddable":true,"href":"https:\/\/herbolariodecorea.es\/index.php\/wp-json\/wp\/v2\/product_tag?post=2511"}],"curies":[{"name":"wp","href":"https:\/\/api.w.org\/{rel}","templated":true}]}}