{"id":2532,"date":"2026-03-31T13:06:31","date_gmt":"2026-03-31T11:06:31","guid":{"rendered":"https:\/\/herbolariodecorea.es\/?post_type=product&#038;p=2532"},"modified":"2026-03-31T13:06:31","modified_gmt":"2026-03-31T11:06:31","slug":"ginseng-rojo-90-caps-obire","status":"publish","type":"product","link":"https:\/\/herbolariodecorea.es\/index.php\/producto\/ginseng-rojo-90-caps-obire\/","title":{"rendered":"GINSENG ROJO 90 C\u00c1PS. OBIRE"},"content":{"rendered":"<p>Obire Ginseng Rojo es un complemento alimenticio que ayuda a proporcionar una mayor energ\u00eda, concentraci\u00f3n y vitalidad durante el d\u00eda a d\u00eda. Es ideal para situaciones en las que se requiera un esfuerzo extra, tanto mental o f\u00edsico.<\/p>\n","protected":false},"excerpt":{"rendered":"<p>Obire Ginseng Rojo es un complemento alimenticio que ayuda a proporcionar una mayor energ\u00eda, concentraci\u00f3n y vitalidad durante el d\u00eda a d\u00eda. Es ideal para situaciones en las que se requiera un esfuerzo extra, tanto mental o f\u00edsico.<\/p>\n","protected":false},"featured_media":2533,"comment_status":"open","ping_status":"closed","template":"","meta":{"_et_pb_use_builder":"","_et_pb_old_content":"","_et_gb_content_width":""},"product_brand":[],"product_cat":[17],"product_tag":[],"class_list":{"0":"post-2532","1":"product","2":"type-product","3":"status-publish","4":"has-post-thumbnail","6":"product_cat-sin-categorizar","8":"first","9":"instock","10":"shipping-taxable","11":"purchasable","12":"product-type-simple"},"aioseo_notices":[],"_links":{"self":[{"href":"https:\/\/herbolariodecorea.es\/index.php\/wp-json\/wp\/v2\/product\/2532","targetHints":{"allow":["GET"]}}],"collection":[{"href":"https:\/\/herbolariodecorea.es\/index.php\/wp-json\/wp\/v2\/product"}],"about":[{"href":"https:\/\/herbolariodecorea.es\/index.php\/wp-json\/wp\/v2\/types\/product"}],"replies":[{"embeddable":true,"href":"https:\/\/herbolariodecorea.es\/index.php\/wp-json\/wp\/v2\/comments?post=2532"}],"wp:featuredmedia":[{"embeddable":true,"href":"https:\/\/herbolariodecorea.es\/index.php\/wp-json\/wp\/v2\/media\/2533"}],"wp:attachment":[{"href":"https:\/\/herbolariodecorea.es\/index.php\/wp-json\/wp\/v2\/media?parent=2532"}],"wp:term":[{"taxonomy":"product_brand","embeddable":true,"href":"https:\/\/herbolariodecorea.es\/index.php\/wp-json\/wp\/v2\/product_brand?post=2532"},{"taxonomy":"product_cat","embeddable":true,"href":"https:\/\/herbolariodecorea.es\/index.php\/wp-json\/wp\/v2\/product_cat?post=2532"},{"taxonomy":"product_tag","embeddable":true,"href":"https:\/\/herbolariodecorea.es\/index.php\/wp-json\/wp\/v2\/product_tag?post=2532"}],"curies":[{"name":"wp","href":"https:\/\/api.w.org\/{rel}","templated":true}]}}