{"id":2536,"date":"2026-03-31T13:13:41","date_gmt":"2026-03-31T11:13:41","guid":{"rendered":"https:\/\/herbolariodecorea.es\/?post_type=product&#038;p=2536"},"modified":"2026-03-31T13:13:41","modified_gmt":"2026-03-31T11:13:41","slug":"vinagre-de-manzana-60-caps-obire","status":"publish","type":"product","link":"https:\/\/herbolariodecorea.es\/index.php\/producto\/vinagre-de-manzana-60-caps-obire\/","title":{"rendered":"VINAGRE DE MANZANA 60 C\u00c1PS. OBIRE"},"content":{"rendered":"<p>El Vinagre de Manzana tiene propiedades que contribuyen a eliminar los t\u00f3xicos del organismo, regula el pH del organismo y baja los niveles de az\u00facar en sangre.<\/p>\n<p>Como complemento en la dieta tomar tres (3) c\u00e1psulas al d\u00eda, una (1) c\u00e1psula despu\u00e9s de cada comida. En periodos prolongados de tratamiento se recomienda hacer descansos de consumo, para garantizar el efecto deseado.<\/p>\n","protected":false},"excerpt":{"rendered":"<p>El Vinagre de Manzana tiene propiedades que contribuyen a eliminar los t\u00f3xicos del organismo, regula el pH del organismo y baja los niveles de az\u00facar en sangre. Como complemento en la dieta tomar tres (3) c\u00e1psulas al d\u00eda, una (1) c\u00e1psula despu\u00e9s de cada comida. En periodos prolongados de tratamiento se recomienda hacer descansos de [&hellip;]<\/p>\n","protected":false},"featured_media":2537,"comment_status":"open","ping_status":"closed","template":"","meta":{"_et_pb_use_builder":"","_et_pb_old_content":"","_et_gb_content_width":""},"product_brand":[],"product_cat":[17],"product_tag":[],"class_list":{"0":"post-2536","1":"product","2":"type-product","3":"status-publish","4":"has-post-thumbnail","6":"product_cat-sin-categorizar","8":"first","9":"instock","10":"shipping-taxable","11":"purchasable","12":"product-type-simple"},"aioseo_notices":[],"_links":{"self":[{"href":"https:\/\/herbolariodecorea.es\/index.php\/wp-json\/wp\/v2\/product\/2536","targetHints":{"allow":["GET"]}}],"collection":[{"href":"https:\/\/herbolariodecorea.es\/index.php\/wp-json\/wp\/v2\/product"}],"about":[{"href":"https:\/\/herbolariodecorea.es\/index.php\/wp-json\/wp\/v2\/types\/product"}],"replies":[{"embeddable":true,"href":"https:\/\/herbolariodecorea.es\/index.php\/wp-json\/wp\/v2\/comments?post=2536"}],"wp:featuredmedia":[{"embeddable":true,"href":"https:\/\/herbolariodecorea.es\/index.php\/wp-json\/wp\/v2\/media\/2537"}],"wp:attachment":[{"href":"https:\/\/herbolariodecorea.es\/index.php\/wp-json\/wp\/v2\/media?parent=2536"}],"wp:term":[{"taxonomy":"product_brand","embeddable":true,"href":"https:\/\/herbolariodecorea.es\/index.php\/wp-json\/wp\/v2\/product_brand?post=2536"},{"taxonomy":"product_cat","embeddable":true,"href":"https:\/\/herbolariodecorea.es\/index.php\/wp-json\/wp\/v2\/product_cat?post=2536"},{"taxonomy":"product_tag","embeddable":true,"href":"https:\/\/herbolariodecorea.es\/index.php\/wp-json\/wp\/v2\/product_tag?post=2536"}],"curies":[{"name":"wp","href":"https:\/\/api.w.org\/{rel}","templated":true}]}}