{"id":2538,"date":"2026-03-31T13:22:50","date_gmt":"2026-03-31T11:22:50","guid":{"rendered":"https:\/\/herbolariodecorea.es\/?post_type=product&#038;p=2538"},"modified":"2026-03-31T13:22:51","modified_gmt":"2026-03-31T11:22:51","slug":"name-silvestre-wild-yam-60-caps-health-aid","status":"publish","type":"product","link":"https:\/\/herbolariodecorea.es\/index.php\/producto\/name-silvestre-wild-yam-60-caps-health-aid\/","title":{"rendered":"\u00d1AME SILVESTRE (WILD YAM) 60 C\u00c1PS. HEALTH AID"},"content":{"rendered":"<p>El \u00d1ame silvestre o Wild Yam, es un complemento alimenticio que ayuda con los s\u00edntomas de la menopausia\/equilibra las hormonas. Ayuda a aliviar los c\u00f3licos menstruales, relaja los m\u00fasculos y calma los nervios. Ayuda a reducir los niveles de colesterol.<\/p>\n","protected":false},"excerpt":{"rendered":"<p>El \u00d1ame silvestre o Wild Yam, es un complemento alimenticio que ayuda con los s\u00edntomas de la menopausia\/equilibra las hormonas. Ayuda a aliviar los c\u00f3licos menstruales, relaja los m\u00fasculos y calma los nervios. Ayuda a reducir los niveles de colesterol.<\/p>\n","protected":false},"featured_media":2539,"comment_status":"open","ping_status":"closed","template":"","meta":{"_et_pb_use_builder":"","_et_pb_old_content":"","_et_gb_content_width":""},"product_brand":[],"product_cat":[17],"product_tag":[],"class_list":{"0":"post-2538","1":"product","2":"type-product","3":"status-publish","4":"has-post-thumbnail","6":"product_cat-sin-categorizar","8":"first","9":"instock","10":"shipping-taxable","11":"purchasable","12":"product-type-simple"},"aioseo_notices":[],"_links":{"self":[{"href":"https:\/\/herbolariodecorea.es\/index.php\/wp-json\/wp\/v2\/product\/2538","targetHints":{"allow":["GET"]}}],"collection":[{"href":"https:\/\/herbolariodecorea.es\/index.php\/wp-json\/wp\/v2\/product"}],"about":[{"href":"https:\/\/herbolariodecorea.es\/index.php\/wp-json\/wp\/v2\/types\/product"}],"replies":[{"embeddable":true,"href":"https:\/\/herbolariodecorea.es\/index.php\/wp-json\/wp\/v2\/comments?post=2538"}],"wp:featuredmedia":[{"embeddable":true,"href":"https:\/\/herbolariodecorea.es\/index.php\/wp-json\/wp\/v2\/media\/2539"}],"wp:attachment":[{"href":"https:\/\/herbolariodecorea.es\/index.php\/wp-json\/wp\/v2\/media?parent=2538"}],"wp:term":[{"taxonomy":"product_brand","embeddable":true,"href":"https:\/\/herbolariodecorea.es\/index.php\/wp-json\/wp\/v2\/product_brand?post=2538"},{"taxonomy":"product_cat","embeddable":true,"href":"https:\/\/herbolariodecorea.es\/index.php\/wp-json\/wp\/v2\/product_cat?post=2538"},{"taxonomy":"product_tag","embeddable":true,"href":"https:\/\/herbolariodecorea.es\/index.php\/wp-json\/wp\/v2\/product_tag?post=2538"}],"curies":[{"name":"wp","href":"https:\/\/api.w.org\/{rel}","templated":true}]}}