{"id":2547,"date":"2026-04-10T14:03:41","date_gmt":"2026-04-10T12:03:41","guid":{"rendered":"https:\/\/herbolariodecorea.es\/?post_type=product&#038;p=2547"},"modified":"2026-04-10T14:03:41","modified_gmt":"2026-04-10T12:03:41","slug":"melatonin-pura-cannabis-30-comps-esi","status":"publish","type":"product","link":"https:\/\/herbolariodecorea.es\/index.php\/producto\/melatonin-pura-cannabis-30-comps-esi\/","title":{"rendered":"MELATONIN PURA CANNABIS 30 COMPS. ESI"},"content":{"rendered":"<p>La Melatonina contribuye a aliviar la sensaci\u00f3n subjetiva de desfase horario (jet lag) y a disminuir el tiempo necesario para conciliar el sue\u00f1o.<\/p>\n<p>Complemento con melatonina y aceite de semillas de cannabis microencapsulado que favorece el sue\u00f1o y mejora el descanso de forma natural.<\/p>\n","protected":false},"excerpt":{"rendered":"<p>La Melatonina contribuye a aliviar la sensaci\u00f3n subjetiva de desfase horario (jet lag) y a disminuir el tiempo necesario para conciliar el sue\u00f1o. Complemento con melatonina y aceite de semillas de cannabis microencapsulado que favorece el sue\u00f1o y mejora el descanso de forma natural.<\/p>\n","protected":false},"featured_media":2548,"comment_status":"open","ping_status":"closed","template":"","meta":{"_et_pb_use_builder":"","_et_pb_old_content":"","_et_gb_content_width":""},"product_brand":[],"product_cat":[17],"product_tag":[],"class_list":{"0":"post-2547","1":"product","2":"type-product","3":"status-publish","4":"has-post-thumbnail","6":"product_cat-sin-categorizar","8":"first","9":"instock","10":"shipping-taxable","11":"purchasable","12":"product-type-simple"},"aioseo_notices":[],"_links":{"self":[{"href":"https:\/\/herbolariodecorea.es\/index.php\/wp-json\/wp\/v2\/product\/2547","targetHints":{"allow":["GET"]}}],"collection":[{"href":"https:\/\/herbolariodecorea.es\/index.php\/wp-json\/wp\/v2\/product"}],"about":[{"href":"https:\/\/herbolariodecorea.es\/index.php\/wp-json\/wp\/v2\/types\/product"}],"replies":[{"embeddable":true,"href":"https:\/\/herbolariodecorea.es\/index.php\/wp-json\/wp\/v2\/comments?post=2547"}],"wp:featuredmedia":[{"embeddable":true,"href":"https:\/\/herbolariodecorea.es\/index.php\/wp-json\/wp\/v2\/media\/2548"}],"wp:attachment":[{"href":"https:\/\/herbolariodecorea.es\/index.php\/wp-json\/wp\/v2\/media?parent=2547"}],"wp:term":[{"taxonomy":"product_brand","embeddable":true,"href":"https:\/\/herbolariodecorea.es\/index.php\/wp-json\/wp\/v2\/product_brand?post=2547"},{"taxonomy":"product_cat","embeddable":true,"href":"https:\/\/herbolariodecorea.es\/index.php\/wp-json\/wp\/v2\/product_cat?post=2547"},{"taxonomy":"product_tag","embeddable":true,"href":"https:\/\/herbolariodecorea.es\/index.php\/wp-json\/wp\/v2\/product_tag?post=2547"}],"curies":[{"name":"wp","href":"https:\/\/api.w.org\/{rel}","templated":true}]}}