{"id":2549,"date":"2026-04-10T16:31:22","date_gmt":"2026-04-10T14:31:22","guid":{"rendered":"https:\/\/herbolariodecorea.es\/?post_type=product&#038;p=2549"},"modified":"2026-04-10T16:31:22","modified_gmt":"2026-04-10T14:31:22","slug":"maca-negra-8000mg-60-caps-derbos","status":"publish","type":"product","link":"https:\/\/herbolariodecorea.es\/index.php\/producto\/maca-negra-8000mg-60-caps-derbos\/","title":{"rendered":"MACA NEGRA 8000MG 60 C\u00c1PS. DERB\u00d3S"},"content":{"rendered":"<p>La maca negra apoya el rendimiento f\u00edsico y mental. El zinc contribuye a la fertilidad y reproducci\u00f3n normal. La vitamina B6 contribuye al metabolismo energ\u00e9tico normal, a la regulaci\u00f3n de la actividad hormonal, y a la reducci\u00f3n del cansancio y la fatiga.<\/p>\n<p>Aumenta la energ\u00eda y reduce la fatiga: Es un excelente adapt\u00f3geno, lo que significa que ayuda al cuerpo a resistir el estr\u00e9s y a mantener altos niveles de energ\u00eda durante el d\u00eda. Mejora la concentraci\u00f3n y el rendimiento cognitivo.<\/p>\n","protected":false},"excerpt":{"rendered":"<p>La maca negra apoya el rendimiento f\u00edsico y mental. El zinc contribuye a la fertilidad y reproducci\u00f3n normal. La vitamina B6 contribuye al metabolismo energ\u00e9tico normal, a la regulaci\u00f3n de la actividad hormonal, y a la reducci\u00f3n del cansancio y la fatiga. Aumenta la energ\u00eda y reduce la fatiga: Es un excelente adapt\u00f3geno, lo que [&hellip;]<\/p>\n","protected":false},"featured_media":2550,"comment_status":"open","ping_status":"closed","template":"","meta":{"_et_pb_use_builder":"","_et_pb_old_content":"","_et_gb_content_width":""},"product_brand":[],"product_cat":[17],"product_tag":[],"class_list":{"0":"post-2549","1":"product","2":"type-product","3":"status-publish","4":"has-post-thumbnail","6":"product_cat-sin-categorizar","8":"first","9":"instock","10":"shipping-taxable","11":"purchasable","12":"product-type-simple"},"aioseo_notices":[],"_links":{"self":[{"href":"https:\/\/herbolariodecorea.es\/index.php\/wp-json\/wp\/v2\/product\/2549","targetHints":{"allow":["GET"]}}],"collection":[{"href":"https:\/\/herbolariodecorea.es\/index.php\/wp-json\/wp\/v2\/product"}],"about":[{"href":"https:\/\/herbolariodecorea.es\/index.php\/wp-json\/wp\/v2\/types\/product"}],"replies":[{"embeddable":true,"href":"https:\/\/herbolariodecorea.es\/index.php\/wp-json\/wp\/v2\/comments?post=2549"}],"wp:featuredmedia":[{"embeddable":true,"href":"https:\/\/herbolariodecorea.es\/index.php\/wp-json\/wp\/v2\/media\/2550"}],"wp:attachment":[{"href":"https:\/\/herbolariodecorea.es\/index.php\/wp-json\/wp\/v2\/media?parent=2549"}],"wp:term":[{"taxonomy":"product_brand","embeddable":true,"href":"https:\/\/herbolariodecorea.es\/index.php\/wp-json\/wp\/v2\/product_brand?post=2549"},{"taxonomy":"product_cat","embeddable":true,"href":"https:\/\/herbolariodecorea.es\/index.php\/wp-json\/wp\/v2\/product_cat?post=2549"},{"taxonomy":"product_tag","embeddable":true,"href":"https:\/\/herbolariodecorea.es\/index.php\/wp-json\/wp\/v2\/product_tag?post=2549"}],"curies":[{"name":"wp","href":"https:\/\/api.w.org\/{rel}","templated":true}]}}