{"id":2551,"date":"2026-04-10T16:37:17","date_gmt":"2026-04-10T14:37:17","guid":{"rendered":"https:\/\/herbolariodecorea.es\/?post_type=product&#038;p=2551"},"modified":"2026-04-10T16:37:17","modified_gmt":"2026-04-10T14:37:17","slug":"melena-leon-ext-60-caps-integralia","status":"publish","type":"product","link":"https:\/\/herbolariodecorea.es\/index.php\/producto\/melena-leon-ext-60-caps-integralia\/","title":{"rendered":"MELENA LE\u00d3N EXT. 60 C\u00c1PS. INTEGRALIA"},"content":{"rendered":"<p>Este suplemento es ideal para personas que buscan mejorar su memoria, concentraci\u00f3n y salud cerebral en general. La Melena de Le\u00f3n es conocida por estimular el crecimiento de los nervios cerebrales y mejorar la funci\u00f3n neurocognitiva, mientras que la Vitamina C de la Acerola refuerza el sistema inmunol\u00f3gico y la salud general.<\/p>\n","protected":false},"excerpt":{"rendered":"<p>Este suplemento es ideal para personas que buscan mejorar su memoria, concentraci\u00f3n y salud cerebral en general. La Melena de Le\u00f3n es conocida por estimular el crecimiento de los nervios cerebrales y mejorar la funci\u00f3n neurocognitiva, mientras que la Vitamina C de la Acerola refuerza el sistema inmunol\u00f3gico y la salud general.<\/p>\n","protected":false},"featured_media":2552,"comment_status":"open","ping_status":"closed","template":"","meta":{"_et_pb_use_builder":"","_et_pb_old_content":"","_et_gb_content_width":""},"product_brand":[],"product_cat":[17],"product_tag":[],"class_list":{"0":"post-2551","1":"product","2":"type-product","3":"status-publish","4":"has-post-thumbnail","6":"product_cat-sin-categorizar","8":"first","9":"instock","10":"shipping-taxable","11":"purchasable","12":"product-type-simple"},"aioseo_notices":[],"_links":{"self":[{"href":"https:\/\/herbolariodecorea.es\/index.php\/wp-json\/wp\/v2\/product\/2551","targetHints":{"allow":["GET"]}}],"collection":[{"href":"https:\/\/herbolariodecorea.es\/index.php\/wp-json\/wp\/v2\/product"}],"about":[{"href":"https:\/\/herbolariodecorea.es\/index.php\/wp-json\/wp\/v2\/types\/product"}],"replies":[{"embeddable":true,"href":"https:\/\/herbolariodecorea.es\/index.php\/wp-json\/wp\/v2\/comments?post=2551"}],"wp:featuredmedia":[{"embeddable":true,"href":"https:\/\/herbolariodecorea.es\/index.php\/wp-json\/wp\/v2\/media\/2552"}],"wp:attachment":[{"href":"https:\/\/herbolariodecorea.es\/index.php\/wp-json\/wp\/v2\/media?parent=2551"}],"wp:term":[{"taxonomy":"product_brand","embeddable":true,"href":"https:\/\/herbolariodecorea.es\/index.php\/wp-json\/wp\/v2\/product_brand?post=2551"},{"taxonomy":"product_cat","embeddable":true,"href":"https:\/\/herbolariodecorea.es\/index.php\/wp-json\/wp\/v2\/product_cat?post=2551"},{"taxonomy":"product_tag","embeddable":true,"href":"https:\/\/herbolariodecorea.es\/index.php\/wp-json\/wp\/v2\/product_tag?post=2551"}],"curies":[{"name":"wp","href":"https:\/\/api.w.org\/{rel}","templated":true}]}}