{"id":2555,"date":"2026-04-10T16:48:30","date_gmt":"2026-04-10T14:48:30","guid":{"rendered":"https:\/\/herbolariodecorea.es\/?post_type=product&#038;p=2555"},"modified":"2026-04-10T16:48:30","modified_gmt":"2026-04-10T14:48:30","slug":"alcachofa-bio-ext-80-caps-soria-natural","status":"publish","type":"product","link":"https:\/\/herbolariodecorea.es\/index.php\/producto\/alcachofa-bio-ext-80-caps-soria-natural\/","title":{"rendered":"ALCACHOFA BIO EXT. 80 C\u00c1PS. SORIA NATURAL"},"content":{"rendered":"<p>Las hojas de alcachofera, entre otras acciones, pueden ser utilizadas para favorecer la digesti\u00f3n, disminuyendo la sensaci\u00f3n de malestar, pesadez de est\u00f3mago o hinchaz\u00f3n abdominal que se produce tras la ingesta de comidas copiosas, ayudar a reducir los niveles de colesterol y son un excelente coadyuvante en tratamientos de control de peso y adelgazamiento.<\/p>\n","protected":false},"excerpt":{"rendered":"<p>Las hojas de alcachofera, entre otras acciones, pueden ser utilizadas para favorecer la digesti\u00f3n, disminuyendo la sensaci\u00f3n de malestar, pesadez de est\u00f3mago o hinchaz\u00f3n abdominal que se produce tras la ingesta de comidas copiosas, ayudar a reducir los niveles de colesterol y son un excelente coadyuvante en tratamientos de control de peso y adelgazamiento.<\/p>\n","protected":false},"featured_media":2556,"comment_status":"open","ping_status":"closed","template":"","meta":{"_et_pb_use_builder":"","_et_pb_old_content":"","_et_gb_content_width":""},"product_brand":[],"product_cat":[17],"product_tag":[],"class_list":{"0":"post-2555","1":"product","2":"type-product","3":"status-publish","4":"has-post-thumbnail","6":"product_cat-sin-categorizar","8":"first","9":"instock","10":"shipping-taxable","11":"purchasable","12":"product-type-simple"},"aioseo_notices":[],"_links":{"self":[{"href":"https:\/\/herbolariodecorea.es\/index.php\/wp-json\/wp\/v2\/product\/2555","targetHints":{"allow":["GET"]}}],"collection":[{"href":"https:\/\/herbolariodecorea.es\/index.php\/wp-json\/wp\/v2\/product"}],"about":[{"href":"https:\/\/herbolariodecorea.es\/index.php\/wp-json\/wp\/v2\/types\/product"}],"replies":[{"embeddable":true,"href":"https:\/\/herbolariodecorea.es\/index.php\/wp-json\/wp\/v2\/comments?post=2555"}],"wp:featuredmedia":[{"embeddable":true,"href":"https:\/\/herbolariodecorea.es\/index.php\/wp-json\/wp\/v2\/media\/2556"}],"wp:attachment":[{"href":"https:\/\/herbolariodecorea.es\/index.php\/wp-json\/wp\/v2\/media?parent=2555"}],"wp:term":[{"taxonomy":"product_brand","embeddable":true,"href":"https:\/\/herbolariodecorea.es\/index.php\/wp-json\/wp\/v2\/product_brand?post=2555"},{"taxonomy":"product_cat","embeddable":true,"href":"https:\/\/herbolariodecorea.es\/index.php\/wp-json\/wp\/v2\/product_cat?post=2555"},{"taxonomy":"product_tag","embeddable":true,"href":"https:\/\/herbolariodecorea.es\/index.php\/wp-json\/wp\/v2\/product_tag?post=2555"}],"curies":[{"name":"wp","href":"https:\/\/api.w.org\/{rel}","templated":true}]}}