{"id":2557,"date":"2026-04-10T16:51:12","date_gmt":"2026-04-10T14:51:12","guid":{"rendered":"https:\/\/herbolariodecorea.es\/?post_type=product&#038;p=2557"},"modified":"2026-04-10T16:51:12","modified_gmt":"2026-04-10T14:51:12","slug":"boldo-ext-60-comps-soria-natural","status":"publish","type":"product","link":"https:\/\/herbolariodecorea.es\/index.php\/producto\/boldo-ext-60-comps-soria-natural\/","title":{"rendered":"BOLDO EXT. 60 COMPS. SORIA NATURAL"},"content":{"rendered":"<p>El boldo puede ayudar a las personas que sufren c\u00f3licos, ya que el boldo puede ayudar a la producci\u00f3n de la bilis en el h\u00edgado. Boldo de Soria Natural tambi\u00e9n puede aliviar los gases y la hinchaz\u00f3n, ayudar en las digestiones pesadas, favorecer la eliminaci\u00f3n de l\u00edquidos y toxinas.<\/p>\n","protected":false},"excerpt":{"rendered":"<p>El boldo puede ayudar a las personas que sufren c\u00f3licos, ya que el boldo puede ayudar a la producci\u00f3n de la bilis en el h\u00edgado. Boldo de Soria Natural tambi\u00e9n puede aliviar los gases y la hinchaz\u00f3n, ayudar en las digestiones pesadas, favorecer la eliminaci\u00f3n de l\u00edquidos y toxinas.<\/p>\n","protected":false},"featured_media":2558,"comment_status":"open","ping_status":"closed","template":"","meta":{"_et_pb_use_builder":"","_et_pb_old_content":"","_et_gb_content_width":""},"product_brand":[],"product_cat":[17],"product_tag":[],"class_list":{"0":"post-2557","1":"product","2":"type-product","3":"status-publish","4":"has-post-thumbnail","6":"product_cat-sin-categorizar","8":"first","9":"instock","10":"shipping-taxable","11":"purchasable","12":"product-type-simple"},"aioseo_notices":[],"_links":{"self":[{"href":"https:\/\/herbolariodecorea.es\/index.php\/wp-json\/wp\/v2\/product\/2557","targetHints":{"allow":["GET"]}}],"collection":[{"href":"https:\/\/herbolariodecorea.es\/index.php\/wp-json\/wp\/v2\/product"}],"about":[{"href":"https:\/\/herbolariodecorea.es\/index.php\/wp-json\/wp\/v2\/types\/product"}],"replies":[{"embeddable":true,"href":"https:\/\/herbolariodecorea.es\/index.php\/wp-json\/wp\/v2\/comments?post=2557"}],"wp:featuredmedia":[{"embeddable":true,"href":"https:\/\/herbolariodecorea.es\/index.php\/wp-json\/wp\/v2\/media\/2558"}],"wp:attachment":[{"href":"https:\/\/herbolariodecorea.es\/index.php\/wp-json\/wp\/v2\/media?parent=2557"}],"wp:term":[{"taxonomy":"product_brand","embeddable":true,"href":"https:\/\/herbolariodecorea.es\/index.php\/wp-json\/wp\/v2\/product_brand?post=2557"},{"taxonomy":"product_cat","embeddable":true,"href":"https:\/\/herbolariodecorea.es\/index.php\/wp-json\/wp\/v2\/product_cat?post=2557"},{"taxonomy":"product_tag","embeddable":true,"href":"https:\/\/herbolariodecorea.es\/index.php\/wp-json\/wp\/v2\/product_tag?post=2557"}],"curies":[{"name":"wp","href":"https:\/\/api.w.org\/{rel}","templated":true}]}}