{"id":2561,"date":"2026-04-10T16:58:37","date_gmt":"2026-04-10T14:58:37","guid":{"rendered":"https:\/\/herbolariodecorea.es\/?post_type=product&#038;p=2561"},"modified":"2026-04-10T16:58:37","modified_gmt":"2026-04-10T14:58:37","slug":"espino-blanco-ext-30-caps-soria-natural","status":"publish","type":"product","link":"https:\/\/herbolariodecorea.es\/index.php\/producto\/espino-blanco-ext-30-caps-soria-natural\/","title":{"rendered":"ESPINO BLANCO EXT. 30 C\u00c1PS. SORIA NATURAL"},"content":{"rendered":"<p>El espino blanco (Crataegus oxyacantha) apoya la funci\u00f3n del coraz\u00f3n y mejora la circulaci\u00f3n sangu\u00ednea perif\u00e9rica. Ayuda a disminuir el estr\u00e9s, la inquietud y la irritabilidad.<\/p>\n","protected":false},"excerpt":{"rendered":"<p>El espino blanco (Crataegus oxyacantha) apoya la funci\u00f3n del coraz\u00f3n y mejora la circulaci\u00f3n sangu\u00ednea perif\u00e9rica. Ayuda a disminuir el estr\u00e9s, la inquietud y la irritabilidad.<\/p>\n","protected":false},"featured_media":2562,"comment_status":"open","ping_status":"closed","template":"","meta":{"_et_pb_use_builder":"","_et_pb_old_content":"","_et_gb_content_width":""},"product_brand":[],"product_cat":[17],"product_tag":[],"class_list":{"0":"post-2561","1":"product","2":"type-product","3":"status-publish","4":"has-post-thumbnail","6":"product_cat-sin-categorizar","8":"first","9":"instock","10":"shipping-taxable","11":"purchasable","12":"product-type-simple"},"aioseo_notices":[],"_links":{"self":[{"href":"https:\/\/herbolariodecorea.es\/index.php\/wp-json\/wp\/v2\/product\/2561","targetHints":{"allow":["GET"]}}],"collection":[{"href":"https:\/\/herbolariodecorea.es\/index.php\/wp-json\/wp\/v2\/product"}],"about":[{"href":"https:\/\/herbolariodecorea.es\/index.php\/wp-json\/wp\/v2\/types\/product"}],"replies":[{"embeddable":true,"href":"https:\/\/herbolariodecorea.es\/index.php\/wp-json\/wp\/v2\/comments?post=2561"}],"wp:featuredmedia":[{"embeddable":true,"href":"https:\/\/herbolariodecorea.es\/index.php\/wp-json\/wp\/v2\/media\/2562"}],"wp:attachment":[{"href":"https:\/\/herbolariodecorea.es\/index.php\/wp-json\/wp\/v2\/media?parent=2561"}],"wp:term":[{"taxonomy":"product_brand","embeddable":true,"href":"https:\/\/herbolariodecorea.es\/index.php\/wp-json\/wp\/v2\/product_brand?post=2561"},{"taxonomy":"product_cat","embeddable":true,"href":"https:\/\/herbolariodecorea.es\/index.php\/wp-json\/wp\/v2\/product_cat?post=2561"},{"taxonomy":"product_tag","embeddable":true,"href":"https:\/\/herbolariodecorea.es\/index.php\/wp-json\/wp\/v2\/product_tag?post=2561"}],"curies":[{"name":"wp","href":"https:\/\/api.w.org\/{rel}","templated":true}]}}