{"id":2563,"date":"2026-04-10T17:03:22","date_gmt":"2026-04-10T15:03:22","guid":{"rendered":"https:\/\/herbolariodecorea.es\/?post_type=product&#038;p=2563"},"modified":"2026-04-10T17:03:23","modified_gmt":"2026-04-10T15:03:23","slug":"eleuterococo-ext-30-caps-soria-natural","status":"publish","type":"product","link":"https:\/\/herbolariodecorea.es\/index.php\/producto\/eleuterococo-ext-30-caps-soria-natural\/","title":{"rendered":"ELEUTEROCOCO EXT. 30 C\u00c1PS. SORIA NATURAL"},"content":{"rendered":"<p>El Eleuterococo es una planta adapt\u00f3gena conocida por sus propiedades para ayudar al organismo a adaptarse al estr\u00e9s, mejorar la resistencia f\u00edsica, aumentar la energ\u00eda y promover una mayor claridad mental. Es ideal para aquellos que sienten fatiga y agotamiento, ya sea por el estr\u00e9s diario, una baja energ\u00eda o por la pr\u00e1ctica de ejercicio intenso. Tambi\u00e9n es recomendado para estudiantes o personas que necesitan mantener un nivel de concentraci\u00f3n y memoria \u00f3ptimo.<\/p>\n","protected":false},"excerpt":{"rendered":"<p>El Eleuterococo es una planta adapt\u00f3gena conocida por sus propiedades para ayudar al organismo a adaptarse al estr\u00e9s, mejorar la resistencia f\u00edsica, aumentar la energ\u00eda y promover una mayor claridad mental. Es ideal para aquellos que sienten fatiga y agotamiento, ya sea por el estr\u00e9s diario, una baja energ\u00eda o por la pr\u00e1ctica de ejercicio [&hellip;]<\/p>\n","protected":false},"featured_media":2564,"comment_status":"open","ping_status":"closed","template":"","meta":{"_et_pb_use_builder":"","_et_pb_old_content":"","_et_gb_content_width":""},"product_brand":[],"product_cat":[17],"product_tag":[],"class_list":{"0":"post-2563","1":"product","2":"type-product","3":"status-publish","4":"has-post-thumbnail","6":"product_cat-sin-categorizar","8":"first","9":"instock","10":"shipping-taxable","11":"purchasable","12":"product-type-simple"},"aioseo_notices":[],"_links":{"self":[{"href":"https:\/\/herbolariodecorea.es\/index.php\/wp-json\/wp\/v2\/product\/2563","targetHints":{"allow":["GET"]}}],"collection":[{"href":"https:\/\/herbolariodecorea.es\/index.php\/wp-json\/wp\/v2\/product"}],"about":[{"href":"https:\/\/herbolariodecorea.es\/index.php\/wp-json\/wp\/v2\/types\/product"}],"replies":[{"embeddable":true,"href":"https:\/\/herbolariodecorea.es\/index.php\/wp-json\/wp\/v2\/comments?post=2563"}],"wp:featuredmedia":[{"embeddable":true,"href":"https:\/\/herbolariodecorea.es\/index.php\/wp-json\/wp\/v2\/media\/2564"}],"wp:attachment":[{"href":"https:\/\/herbolariodecorea.es\/index.php\/wp-json\/wp\/v2\/media?parent=2563"}],"wp:term":[{"taxonomy":"product_brand","embeddable":true,"href":"https:\/\/herbolariodecorea.es\/index.php\/wp-json\/wp\/v2\/product_brand?post=2563"},{"taxonomy":"product_cat","embeddable":true,"href":"https:\/\/herbolariodecorea.es\/index.php\/wp-json\/wp\/v2\/product_cat?post=2563"},{"taxonomy":"product_tag","embeddable":true,"href":"https:\/\/herbolariodecorea.es\/index.php\/wp-json\/wp\/v2\/product_tag?post=2563"}],"curies":[{"name":"wp","href":"https:\/\/api.w.org\/{rel}","templated":true}]}}