{"id":2565,"date":"2026-04-10T17:08:58","date_gmt":"2026-04-10T15:08:58","guid":{"rendered":"https:\/\/herbolariodecorea.es\/?post_type=product&#038;p=2565"},"modified":"2026-04-10T17:08:58","modified_gmt":"2026-04-10T15:08:58","slug":"cola-de-caballo-6-comps-soria-natural","status":"publish","type":"product","link":"https:\/\/herbolariodecorea.es\/index.php\/producto\/cola-de-caballo-6-comps-soria-natural\/","title":{"rendered":"COLA DE CABALLO 6 COMPS. SORIA NATURAL"},"content":{"rendered":"<p>La cola de caballo es una planta con propiedades diur\u00e9ticas, remineralizantes y antioxidantes. La cola de caballo ayuda a eliminar toxinas del organismo, mejora la circulaci\u00f3n sangu\u00ednea y fortalece el sistema \u00f3seo, entre otros beneficios.<\/p>\n","protected":false},"excerpt":{"rendered":"<p>La cola de caballo es una planta con propiedades diur\u00e9ticas, remineralizantes y antioxidantes. La cola de caballo ayuda a eliminar toxinas del organismo, mejora la circulaci\u00f3n sangu\u00ednea y fortalece el sistema \u00f3seo, entre otros beneficios.<\/p>\n","protected":false},"featured_media":2566,"comment_status":"open","ping_status":"closed","template":"","meta":{"_et_pb_use_builder":"","_et_pb_old_content":"","_et_gb_content_width":""},"product_brand":[],"product_cat":[17],"product_tag":[],"class_list":{"0":"post-2565","1":"product","2":"type-product","3":"status-publish","4":"has-post-thumbnail","6":"product_cat-sin-categorizar","8":"first","9":"instock","10":"shipping-taxable","11":"purchasable","12":"product-type-simple"},"aioseo_notices":[],"_links":{"self":[{"href":"https:\/\/herbolariodecorea.es\/index.php\/wp-json\/wp\/v2\/product\/2565","targetHints":{"allow":["GET"]}}],"collection":[{"href":"https:\/\/herbolariodecorea.es\/index.php\/wp-json\/wp\/v2\/product"}],"about":[{"href":"https:\/\/herbolariodecorea.es\/index.php\/wp-json\/wp\/v2\/types\/product"}],"replies":[{"embeddable":true,"href":"https:\/\/herbolariodecorea.es\/index.php\/wp-json\/wp\/v2\/comments?post=2565"}],"wp:featuredmedia":[{"embeddable":true,"href":"https:\/\/herbolariodecorea.es\/index.php\/wp-json\/wp\/v2\/media\/2566"}],"wp:attachment":[{"href":"https:\/\/herbolariodecorea.es\/index.php\/wp-json\/wp\/v2\/media?parent=2565"}],"wp:term":[{"taxonomy":"product_brand","embeddable":true,"href":"https:\/\/herbolariodecorea.es\/index.php\/wp-json\/wp\/v2\/product_brand?post=2565"},{"taxonomy":"product_cat","embeddable":true,"href":"https:\/\/herbolariodecorea.es\/index.php\/wp-json\/wp\/v2\/product_cat?post=2565"},{"taxonomy":"product_tag","embeddable":true,"href":"https:\/\/herbolariodecorea.es\/index.php\/wp-json\/wp\/v2\/product_tag?post=2565"}],"curies":[{"name":"wp","href":"https:\/\/api.w.org\/{rel}","templated":true}]}}